{"id":15,"date":"2017-04-22T15:49:10","date_gmt":"2017-04-22T15:49:10","guid":{"rendered":"https:\/\/dorothea-ackroyd.de\/?page_id=15"},"modified":"2018-12-05T12:40:06","modified_gmt":"2018-12-05T11:40:06","slug":"referenzen","status":"publish","type":"page","link":"https:\/\/dorothea-ackroyd.de\/?page_id=15","title":{"rendered":"Referenzen"},"content":{"rendered":"<div class=\"page\" title=\"Page 1\">\n<div class=\"layoutArea\">\n<div class=\"column\">\n<p>Dorothea Ackroyd, geb.1960 in Herford, studierte an der FH Bielefeld Kommunikationsdesign. 1990 verwirklichte sie Ihren Traum und machte sich als freischaffende Illustratorin selbstst\u00e4ndig. Seit dieser Zeit sind mehr als 125&nbsp;B\u00fccher in deutschen und ausl\u00e4ndischen Verlagen erschienen, einige in England, Frankreich, Holland, Belgien, Italien, Finnland, Griechenland, Korea, China, Slovenien, Portugal und Ungarn.<\/p>\n<p>Sie lebt mit ihrer Familie auf der Sonnenseite des Teutoburger Waldes.<\/p>\n<p>Verlage: Thienemann-Esslinger-Verlag<\/p>\n<p>&nbsp; &nbsp; &nbsp; &nbsp; &nbsp; &nbsp; &nbsp; &nbsp; &nbsp; &nbsp;Coppenrath Verlag<\/p>\n<p>&nbsp; &nbsp; &nbsp; &nbsp; &nbsp; &nbsp; &nbsp; &nbsp; &nbsp; &nbsp;arsEdition<\/p>\n<p>&nbsp; &nbsp; &nbsp; &nbsp; &nbsp; &nbsp; &nbsp; &nbsp; &nbsp; &nbsp;Carlsen Verlag<\/p>\n<p>&nbsp; &nbsp; &nbsp; &nbsp; &nbsp; &nbsp; &nbsp; &nbsp; &nbsp; &nbsp;Loewe Verlag<\/p>\n<p>&nbsp; &nbsp; &nbsp; &nbsp; &nbsp; &nbsp; &nbsp; &nbsp; &nbsp; &nbsp;Arena Verlag<\/p>\n<p>&nbsp; &nbsp; &nbsp; &nbsp; &nbsp; &nbsp; &nbsp; &nbsp; &nbsp; &nbsp;Ravensburger Verlag<\/p>\n<p>&nbsp; &nbsp; &nbsp; &nbsp; &nbsp; &nbsp; &nbsp; &nbsp; &nbsp; &nbsp;Kaufmann Verlag<\/p>\n<p>&nbsp; &nbsp; &nbsp; &nbsp; &nbsp; &nbsp; &nbsp; &nbsp; &nbsp; &nbsp;cbj-Verlag<\/p>\n<p>&nbsp; &nbsp; &nbsp; &nbsp; &nbsp; &nbsp; &nbsp; &nbsp; &nbsp; &nbsp;Sauerl\u00e4nder&nbsp;<\/p>\n<p>&nbsp; &nbsp; &nbsp; &nbsp; &nbsp; &nbsp; &nbsp; &nbsp; &nbsp; &nbsp;Herder Verlag<\/p>\n<p>&nbsp;<\/p>\n<\/div>\n<\/div>\n<\/div>\n","protected":false},"excerpt":{"rendered":"<p>Dorothea Ackroyd, geb.1960 in Herford, studierte an der FH Bielefeld Kommunikationsdesign. 1990 verwirklichte sie Ihren Traum und machte sich als freischaffende Illustratorin selbstst\u00e4ndig. Seit dieser Zeit sind mehr als 125&nbsp;B\u00fccher in deutschen und ausl\u00e4ndischen Verlagen erschienen, einige in England, Frankreich, Holland, Belgien, Italien, Finnland, Griechenland, Korea, China, Slovenien, Portugal und Ungarn. Sie lebt mit ihrer &hellip; <\/p>\n<p class=\"link-more\"><a href=\"https:\/\/dorothea-ackroyd.de\/?page_id=15\" class=\"more-link\"><span class=\"screen-reader-text\">\u201eReferenzen\u201c <\/span>weiterlesen<\/a><\/p>\n","protected":false},"author":1,"featured_media":0,"parent":0,"menu_order":0,"comment_status":"closed","ping_status":"closed","template":"","meta":{"ngg_post_thumbnail":0,"footnotes":""},"class_list":["post-15","page","type-page","status-publish","hentry"],"_links":{"self":[{"href":"https:\/\/dorothea-ackroyd.de\/index.php?rest_route=\/wp\/v2\/pages\/15","targetHints":{"allow":["GET"]}}],"collection":[{"href":"https:\/\/dorothea-ackroyd.de\/index.php?rest_route=\/wp\/v2\/pages"}],"about":[{"href":"https:\/\/dorothea-ackroyd.de\/index.php?rest_route=\/wp\/v2\/types\/page"}],"author":[{"embeddable":true,"href":"https:\/\/dorothea-ackroyd.de\/index.php?rest_route=\/wp\/v2\/users\/1"}],"replies":[{"embeddable":true,"href":"https:\/\/dorothea-ackroyd.de\/index.php?rest_route=%2Fwp%2Fv2%2Fcomments&post=15"}],"version-history":[{"count":3,"href":"https:\/\/dorothea-ackroyd.de\/index.php?rest_route=\/wp\/v2\/pages\/15\/revisions"}],"predecessor-version":[{"id":332,"href":"https:\/\/dorothea-ackroyd.de\/index.php?rest_route=\/wp\/v2\/pages\/15\/revisions\/332"}],"wp:attachment":[{"href":"https:\/\/dorothea-ackroyd.de\/index.php?rest_route=%2Fwp%2Fv2%2Fmedia&parent=15"}],"curies":[{"name":"wp","href":"https:\/\/api.w.org\/{rel}","templated":true}]}}